{"id":716,"date":"2018-03-18T22:42:10","date_gmt":"2018-03-18T19:42:10","guid":{"rendered":"http:\/\/www.vascomedmedical.com\/adcturkiye\/adc\/?page_id=716"},"modified":"2021-02-08T12:57:39","modified_gmt":"2021-02-08T09:57:39","slug":"anasayfa","status":"publish","type":"page","link":"http:\/\/www.vascomedmedical.com\/adc\/","title":{"rendered":"Anasayfa"},"content":{"rendered":"<div class=\"fusion-fullwidth fullwidth-box nonhundred-percent-fullwidth non-hundred-percent-height-scrolling\"  style='background-color: #ffffff;background-position: center center;background-repeat: no-repeat;padding-top:0px;padding-right:0px;padding-bottom:0px;padding-left:0px;'><div class=\"fusion-builder-row fusion-row \"><div  class=\"fusion-layout-column fusion_builder_column fusion_builder_column_1_1  fusion-one-full fusion-column-first fusion-column-last 1_1\"  style='margin-top:0px;margin-bottom:20px;'>\n\t\t\t\t\t<div class=\"fusion-column-wrapper\" style=\"padding: 0px 0px 0px 0px;background-position:left top;background-repeat:no-repeat;-webkit-background-size:cover;-moz-background-size:cover;-o-background-size:cover;background-size:cover;\"  data-bg-url=\"\">\n\t\t\t\t\t\t<script data-cfasync=\"false\" type=\"text\/javascript\">var lsjQuery = jQuery;<\/script><script data-cfasync=\"false\" type=\"text\/javascript\">\r\nlsjQuery(document).ready(function() {\r\nif(typeof lsjQuery.fn.layerSlider == \"undefined\") {\r\nif( window._layerSlider && window._layerSlider.showNotice) { \r\nwindow._layerSlider.showNotice('layerslider_23','jquery');\r\n}\r\n} else {\r\nlsjQuery(\"#layerslider_23\").layerSlider({sliderVersion: '6.3.0', skin: 'fullwidthdark', skinsPath: 'http:\/\/www.vascomedmedical.com\/adc\/wp-content\/plugins\/LayerSlider\/static\/layerslider\/skins\/'});\r\n}\r\n});\r\n<\/script><div id=\"layerslider_23\" class=\"ls-wp-container fitvidsignore\" style=\"width:1000px;height:500px;margin:0 auto;margin-bottom: 0px;\"><div class=\"ls-slide\" data-ls=\"duration:7000;kenburnsscale:1.2;\"><img loading=\"lazy\" decoding=\"async\" width=\"1000\" height=\"500\" src=\"http:\/\/www.vascomedmedical.com\/adc\/wp-content\/uploads\/2018\/04\/slider-1-entt5610.jpg\" class=\"ls-bg\" alt=\"\" srcset=\"http:\/\/www.vascomedmedical.com\/adc\/wp-content\/uploads\/2018\/04\/slider-1-entt5610-200x100.jpg 200w, http:\/\/www.vascomedmedical.com\/adc\/wp-content\/uploads\/2018\/04\/slider-1-entt5610-300x150.jpg 300w, http:\/\/www.vascomedmedical.com\/adc\/wp-content\/uploads\/2018\/04\/slider-1-entt5610-400x200.jpg 400w, http:\/\/www.vascomedmedical.com\/adc\/wp-content\/uploads\/2018\/04\/slider-1-entt5610-600x300.jpg 600w, http:\/\/www.vascomedmedical.com\/adc\/wp-content\/uploads\/2018\/04\/slider-1-entt5610-768x384.jpg 768w, http:\/\/www.vascomedmedical.com\/adc\/wp-content\/uploads\/2018\/04\/slider-1-entt5610-800x400.jpg 800w, http:\/\/www.vascomedmedical.com\/adc\/wp-content\/uploads\/2018\/04\/slider-1-entt5610.jpg 1000w\" sizes=\"(max-width: 1000px) 100vw, 1000px\" \/><p style=\"top:26px;left:725px;text-align:initial;font-weight:400;font-style:normal;text-decoration:none;wordwrap:false;opacity:1;font-family:Impact;font-size:36px;line-height:60px;\" class=\"ls-l\"> Adstation 5610<\/p><\/div><div class=\"ls-slide\" data-ls=\"duration:7000;kenburnsscale:1.2;\"><img loading=\"lazy\" decoding=\"async\" width=\"1000\" height=\"500\" src=\"http:\/\/www.vascomedmedical.com\/adc\/wp-content\/uploads\/2018\/04\/slider-2-658.jpg\" class=\"ls-bg\" alt=\"\" srcset=\"http:\/\/www.vascomedmedical.com\/adc\/wp-content\/uploads\/2018\/04\/slider-2-658-200x100.jpg 200w, http:\/\/www.vascomedmedical.com\/adc\/wp-content\/uploads\/2018\/04\/slider-2-658-300x150.jpg 300w, http:\/\/www.vascomedmedical.com\/adc\/wp-content\/uploads\/2018\/04\/slider-2-658-400x200.jpg 400w, http:\/\/www.vascomedmedical.com\/adc\/wp-content\/uploads\/2018\/04\/slider-2-658-600x300.jpg 600w, http:\/\/www.vascomedmedical.com\/adc\/wp-content\/uploads\/2018\/04\/slider-2-658-768x384.jpg 768w, http:\/\/www.vascomedmedical.com\/adc\/wp-content\/uploads\/2018\/04\/slider-2-658-800x400.jpg 800w, http:\/\/www.vascomedmedical.com\/adc\/wp-content\/uploads\/2018\/04\/slider-2-658.jpg 1000w\" sizes=\"(max-width: 1000px) 100vw, 1000px\" \/><p style=\"top:25px;left:728px;text-align:initial;font-weight:400;font-style:normal;text-decoration:none;wordwrap:false;opacity:1;font-family:Impact;font-size:36px;\" class=\"ls-l\">Adscope 658<\/p><\/div><div class=\"ls-slide\" data-ls=\"duration:7000;kenburnsscale:1.2;\"><img loading=\"lazy\" decoding=\"async\" width=\"1000\" height=\"500\" src=\"http:\/\/www.vascomedmedical.com\/adc\/wp-content\/uploads\/2018\/04\/slider-3-608.jpg\" class=\"ls-bg\" alt=\"\" srcset=\"http:\/\/www.vascomedmedical.com\/adc\/wp-content\/uploads\/2018\/04\/slider-3-608-200x100.jpg 200w, http:\/\/www.vascomedmedical.com\/adc\/wp-content\/uploads\/2018\/04\/slider-3-608-300x150.jpg 300w, http:\/\/www.vascomedmedical.com\/adc\/wp-content\/uploads\/2018\/04\/slider-3-608-400x200.jpg 400w, http:\/\/www.vascomedmedical.com\/adc\/wp-content\/uploads\/2018\/04\/slider-3-608-600x300.jpg 600w, http:\/\/www.vascomedmedical.com\/adc\/wp-content\/uploads\/2018\/04\/slider-3-608-768x384.jpg 768w, http:\/\/www.vascomedmedical.com\/adc\/wp-content\/uploads\/2018\/04\/slider-3-608-800x400.jpg 800w, http:\/\/www.vascomedmedical.com\/adc\/wp-content\/uploads\/2018\/04\/slider-3-608.jpg 1000w\" sizes=\"(max-width: 1000px) 100vw, 1000px\" \/><p style=\"top:49px;left:51px;text-align:initial;font-weight:400;font-style:normal;text-decoration:none;wordwrap:false;opacity:1;font-family:Impact;font-size:36px;\" class=\"ls-l\">Adscope 608<\/p><\/div><div class=\"ls-slide\" data-ls=\"duration:7000;kenburnsscale:1.2;\"><img loading=\"lazy\" decoding=\"async\" width=\"1000\" height=\"500\" src=\"http:\/\/www.vascomedmedical.com\/adc\/wp-content\/uploads\/2018\/04\/slider-4-703.jpg\" class=\"ls-bg\" alt=\"\" srcset=\"http:\/\/www.vascomedmedical.com\/adc\/wp-content\/uploads\/2018\/04\/slider-4-703-200x100.jpg 200w, http:\/\/www.vascomedmedical.com\/adc\/wp-content\/uploads\/2018\/04\/slider-4-703-300x150.jpg 300w, http:\/\/www.vascomedmedical.com\/adc\/wp-content\/uploads\/2018\/04\/slider-4-703-400x200.jpg 400w, http:\/\/www.vascomedmedical.com\/adc\/wp-content\/uploads\/2018\/04\/slider-4-703-600x300.jpg 600w, http:\/\/www.vascomedmedical.com\/adc\/wp-content\/uploads\/2018\/04\/slider-4-703-768x384.jpg 768w, http:\/\/www.vascomedmedical.com\/adc\/wp-content\/uploads\/2018\/04\/slider-4-703-800x400.jpg 800w, http:\/\/www.vascomedmedical.com\/adc\/wp-content\/uploads\/2018\/04\/slider-4-703.jpg 1000w\" sizes=\"(max-width: 1000px) 100vw, 1000px\" \/><p style=\"top:47px;left:54px;text-align:initial;font-weight:400;font-style:normal;text-decoration:none;wordwrap:false;opacity:1;font-family:Impact;font-size:36px;\" class=\"ls-l\">Diagnostix 703<\/p><\/div><div class=\"ls-slide\" data-ls=\"duration:7000;kenburnsscale:1.2;\"><img loading=\"lazy\" decoding=\"async\" width=\"1000\" height=\"500\" src=\"http:\/\/www.vascomedmedical.com\/adc\/wp-content\/uploads\/2018\/04\/slider-5-429.jpg\" class=\"ls-bg\" alt=\"\" srcset=\"http:\/\/www.vascomedmedical.com\/adc\/wp-content\/uploads\/2018\/04\/slider-5-429-200x100.jpg 200w, http:\/\/www.vascomedmedical.com\/adc\/wp-content\/uploads\/2018\/04\/slider-5-429-300x150.jpg 300w, http:\/\/www.vascomedmedical.com\/adc\/wp-content\/uploads\/2018\/04\/slider-5-429-400x200.jpg 400w, http:\/\/www.vascomedmedical.com\/adc\/wp-content\/uploads\/2018\/04\/slider-5-429-600x300.jpg 600w, http:\/\/www.vascomedmedical.com\/adc\/wp-content\/uploads\/2018\/04\/slider-5-429-768x384.jpg 768w, http:\/\/www.vascomedmedical.com\/adc\/wp-content\/uploads\/2018\/04\/slider-5-429-800x400.jpg 800w, http:\/\/www.vascomedmedical.com\/adc\/wp-content\/uploads\/2018\/04\/slider-5-429.jpg 1000w\" sizes=\"(max-width: 1000px) 100vw, 1000px\" \/><p style=\"top:48px;left:48px;text-align:initial;font-weight:400;font-style:normal;text-decoration:none;wordwrap:false;opacity:1;font-family:Impact;font-size:36px;\" class=\"ls-l\">Adtemp 429<\/p><\/div><div class=\"ls-slide\" data-ls=\"duration:7000;kenburnsscale:1.2;\"><img loading=\"lazy\" decoding=\"async\" width=\"1000\" height=\"500\" src=\"http:\/\/www.vascomedmedical.com\/adc\/wp-content\/uploads\/2018\/04\/slider-6-adware2.jpg\" class=\"ls-bg\" alt=\"\" srcset=\"http:\/\/www.vascomedmedical.com\/adc\/wp-content\/uploads\/2018\/04\/slider-6-adware2-200x100.jpg 200w, http:\/\/www.vascomedmedical.com\/adc\/wp-content\/uploads\/2018\/04\/slider-6-adware2-300x150.jpg 300w, http:\/\/www.vascomedmedical.com\/adc\/wp-content\/uploads\/2018\/04\/slider-6-adware2-400x200.jpg 400w, http:\/\/www.vascomedmedical.com\/adc\/wp-content\/uploads\/2018\/04\/slider-6-adware2-600x300.jpg 600w, http:\/\/www.vascomedmedical.com\/adc\/wp-content\/uploads\/2018\/04\/slider-6-adware2-768x384.jpg 768w, http:\/\/www.vascomedmedical.com\/adc\/wp-content\/uploads\/2018\/04\/slider-6-adware2-800x400.jpg 800w, http:\/\/www.vascomedmedical.com\/adc\/wp-content\/uploads\/2018\/04\/slider-6-adware2.jpg 1000w\" sizes=\"(max-width: 1000px) 100vw, 1000px\" \/><p style=\"top:52px;left:52px;text-align:initial;font-weight:400;font-style:normal;text-decoration:none;wordwrap:false;opacity:1;font-family:Impact;font-size:36px;\" class=\"ls-l\">ADView 2<\/p><\/div><div class=\"ls-slide\" data-ls=\"duration:7000;kenburnsscale:1.2;\"><img loading=\"lazy\" decoding=\"async\" width=\"1000\" height=\"500\" src=\"http:\/\/www.vascomedmedical.com\/adc\/wp-content\/uploads\/2018\/04\/slider-7-satin-fiber.jpg\" class=\"ls-bg\" alt=\"\" srcset=\"http:\/\/www.vascomedmedical.com\/adc\/wp-content\/uploads\/2018\/04\/slider-7-satin-fiber-200x100.jpg 200w, http:\/\/www.vascomedmedical.com\/adc\/wp-content\/uploads\/2018\/04\/slider-7-satin-fiber-300x150.jpg 300w, http:\/\/www.vascomedmedical.com\/adc\/wp-content\/uploads\/2018\/04\/slider-7-satin-fiber-400x200.jpg 400w, http:\/\/www.vascomedmedical.com\/adc\/wp-content\/uploads\/2018\/04\/slider-7-satin-fiber-600x300.jpg 600w, http:\/\/www.vascomedmedical.com\/adc\/wp-content\/uploads\/2018\/04\/slider-7-satin-fiber-768x384.jpg 768w, http:\/\/www.vascomedmedical.com\/adc\/wp-content\/uploads\/2018\/04\/slider-7-satin-fiber-800x400.jpg 800w, http:\/\/www.vascomedmedical.com\/adc\/wp-content\/uploads\/2018\/04\/slider-7-satin-fiber.jpg 1000w\" sizes=\"(max-width: 1000px) 100vw, 1000px\" \/><p style=\"top:33px;left:752px;text-align:initial;font-weight:400;font-style:normal;text-decoration:none;wordwrap:false;opacity:1;font-family:Impact;font-size:36px;\" class=\"ls-l\">Satin<\/p><p style=\"top:78px;left:752px;text-align:initial;font-weight:400;font-style:normal;text-decoration:none;wordwrap:false;opacity:1;font-family:Impact;font-size:18px;\" class=\"ls-l\">Fiberoptic Larygnoscope Set<\/p><\/div><\/div><style type='text\/css'>.reading-box-container-1 .element-bottomshadow:before,.reading-box-container-1 .element-bottomshadow:after{opacity:0.7;}<\/style><div class=\"fusion-reading-box-container reading-box-container-1\" style=\"margin-top:0px;margin-bottom:84px;\"><div class=\"reading-box\" style=\"background-color:#f6f6f6;border-width:1px;border-color:#f6f6f6;border-left-width:3px;border-left-color:#0073ae;border-style:solid;\"><a class=\"button fusion-button button-default button-round fusion-button-large button-large button-flat fusion-desktop-button fusion-tagline-button continue fusion-desktop-button-margin continue-right\" style=\"-webkit-box-shadow:none;-moz-box-shadow:none;box-shadow:none;\" href=\"http:\/\/www.vascomedmedical.com\/adcturkiye\/wp-content\/uploads\/2021\/02\/ADC-Turkiye-Katalog-ECAT127.pdf\" target=\"_self\"><span>Katalog \u00bb<\/span><\/a><h2>ADC T\u00fcrkiye Katalog<\/h2><div class=\"reading-box-description fusion-reading-box-additional\"> <\/div><div class=\"reading-box-additional\">\n<p><a href=\"http:\/\/www.vascomedmedical.com\/adcturkiye\/wp-content\/uploads\/2021\/02\/ADC-Turkiye-Katalog-ECAT127.pdf\">\u00dcr\u00fcn bilgi ve d\u00f6k\u00fcman katalo\u011fu \u00bb<\/a><\/p>\n<\/div><div class=\"fusion-clearfix\"><\/div><a class=\"button fusion-button button-default button-round fusion-button-large button-large button-flat fusion-mobile-button continue-right\" style=\"-webkit-box-shadow:none;-moz-box-shadow:none;box-shadow:none;\" href=\"http:\/\/www.vascomedmedical.com\/adcturkiye\/wp-content\/uploads\/2021\/02\/ADC-Turkiye-Katalog-ECAT127.pdf\" target=\"_self\"><span>Katalog \u00bb<\/span><\/a><\/div><\/div><div class=\"fusion-clearfix\"><\/div>\n\n\t\t\t\t\t<\/div>\n\t\t\t\t<\/div><\/div><\/div>\n","protected":false},"excerpt":{"rendered":"","protected":false},"author":1,"featured_media":0,"parent":0,"menu_order":0,"comment_status":"closed","ping_status":"closed","template":"","meta":{"footnotes":""},"yoast_head":"<!-- This site is optimized with the Yoast SEO plugin v22.7 - https:\/\/yoast.com\/wordpress\/plugins\/seo\/ -->\n<title>Anasayfa - ADC - ADC Today<\/title>\n<meta name=\"robots\" content=\"index, follow, max-snippet:-1, max-image-preview:large, max-video-preview:-1\" \/>\n<link rel=\"canonical\" href=\"http:\/\/www.vascomedmedical.com\/adc\/\" \/>\n<meta property=\"og:locale\" content=\"tr_TR\" \/>\n<meta property=\"og:type\" content=\"article\" \/>\n<meta property=\"og:title\" content=\"Anasayfa - ADC - ADC Today\" \/>\n<meta property=\"og:url\" content=\"http:\/\/www.vascomedmedical.com\/adc\/\" \/>\n<meta property=\"og:site_name\" content=\"ADC - ADC Today\" \/>\n<meta property=\"article:modified_time\" content=\"2021-02-08T09:57:39+00:00\" \/>\n<meta name=\"twitter:card\" content=\"summary_large_image\" \/>\n<meta name=\"twitter:label1\" content=\"Tahmini okuma s\u00fcresi\" \/>\n\t<meta name=\"twitter:data1\" content=\"1 dakika\" \/>\n<script type=\"application\/ld+json\" class=\"yoast-schema-graph\">{\"@context\":\"https:\/\/schema.org\",\"@graph\":[{\"@type\":\"WebPage\",\"@id\":\"http:\/\/www.vascomedmedical.com\/adc\/\",\"url\":\"http:\/\/www.vascomedmedical.com\/adc\/\",\"name\":\"Anasayfa - ADC - ADC Today\",\"isPartOf\":{\"@id\":\"http:\/\/www.vascomedmedical.com\/adc\/#website\"},\"datePublished\":\"2018-03-18T19:42:10+00:00\",\"dateModified\":\"2021-02-08T09:57:39+00:00\",\"breadcrumb\":{\"@id\":\"http:\/\/www.vascomedmedical.com\/adc\/#breadcrumb\"},\"inLanguage\":\"tr\",\"potentialAction\":[{\"@type\":\"ReadAction\",\"target\":[\"http:\/\/www.vascomedmedical.com\/adc\/\"]}]},{\"@type\":\"BreadcrumbList\",\"@id\":\"http:\/\/www.vascomedmedical.com\/adc\/#breadcrumb\",\"itemListElement\":[{\"@type\":\"ListItem\",\"position\":1,\"name\":\"Ana sayfa\",\"item\":\"http:\/\/www.vascomedmedical.com\/adc\/\"},{\"@type\":\"ListItem\",\"position\":2,\"name\":\"Anasayfa\"}]},{\"@type\":\"WebSite\",\"@id\":\"http:\/\/www.vascomedmedical.com\/adc\/#website\",\"url\":\"http:\/\/www.vascomedmedical.com\/adc\/\",\"name\":\"ADC - ADC Today\",\"description\":\"\",\"potentialAction\":[{\"@type\":\"SearchAction\",\"target\":{\"@type\":\"EntryPoint\",\"urlTemplate\":\"http:\/\/www.vascomedmedical.com\/adc\/?s={search_term_string}\"},\"query-input\":\"required name=search_term_string\"}],\"inLanguage\":\"tr\"}]}<\/script>\n<!-- \/ Yoast SEO plugin. -->","yoast_head_json":{"title":"Anasayfa - ADC - ADC Today","robots":{"index":"index","follow":"follow","max-snippet":"max-snippet:-1","max-image-preview":"max-image-preview:large","max-video-preview":"max-video-preview:-1"},"canonical":"http:\/\/www.vascomedmedical.com\/adc\/","og_locale":"tr_TR","og_type":"article","og_title":"Anasayfa - ADC - ADC Today","og_url":"http:\/\/www.vascomedmedical.com\/adc\/","og_site_name":"ADC - ADC Today","article_modified_time":"2021-02-08T09:57:39+00:00","twitter_card":"summary_large_image","twitter_misc":{"Tahmini okuma s\u00fcresi":"1 dakika"},"schema":{"@context":"https:\/\/schema.org","@graph":[{"@type":"WebPage","@id":"http:\/\/www.vascomedmedical.com\/adc\/","url":"http:\/\/www.vascomedmedical.com\/adc\/","name":"Anasayfa - ADC - ADC Today","isPartOf":{"@id":"http:\/\/www.vascomedmedical.com\/adc\/#website"},"datePublished":"2018-03-18T19:42:10+00:00","dateModified":"2021-02-08T09:57:39+00:00","breadcrumb":{"@id":"http:\/\/www.vascomedmedical.com\/adc\/#breadcrumb"},"inLanguage":"tr","potentialAction":[{"@type":"ReadAction","target":["http:\/\/www.vascomedmedical.com\/adc\/"]}]},{"@type":"BreadcrumbList","@id":"http:\/\/www.vascomedmedical.com\/adc\/#breadcrumb","itemListElement":[{"@type":"ListItem","position":1,"name":"Ana sayfa","item":"http:\/\/www.vascomedmedical.com\/adc\/"},{"@type":"ListItem","position":2,"name":"Anasayfa"}]},{"@type":"WebSite","@id":"http:\/\/www.vascomedmedical.com\/adc\/#website","url":"http:\/\/www.vascomedmedical.com\/adc\/","name":"ADC - ADC Today","description":"","potentialAction":[{"@type":"SearchAction","target":{"@type":"EntryPoint","urlTemplate":"http:\/\/www.vascomedmedical.com\/adc\/?s={search_term_string}"},"query-input":"required name=search_term_string"}],"inLanguage":"tr"}]}},"_links":{"self":[{"href":"http:\/\/www.vascomedmedical.com\/adc\/wp-json\/wp\/v2\/pages\/716"}],"collection":[{"href":"http:\/\/www.vascomedmedical.com\/adc\/wp-json\/wp\/v2\/pages"}],"about":[{"href":"http:\/\/www.vascomedmedical.com\/adc\/wp-json\/wp\/v2\/types\/page"}],"author":[{"embeddable":true,"href":"http:\/\/www.vascomedmedical.com\/adc\/wp-json\/wp\/v2\/users\/1"}],"replies":[{"embeddable":true,"href":"http:\/\/www.vascomedmedical.com\/adc\/wp-json\/wp\/v2\/comments?post=716"}],"version-history":[{"count":0,"href":"http:\/\/www.vascomedmedical.com\/adc\/wp-json\/wp\/v2\/pages\/716\/revisions"}],"wp:attachment":[{"href":"http:\/\/www.vascomedmedical.com\/adc\/wp-json\/wp\/v2\/media?parent=716"}],"curies":[{"name":"wp","href":"https:\/\/api.w.org\/{rel}","templated":true}]}}