{"id":730,"date":"2018-03-18T23:09:47","date_gmt":"2018-03-18T20:09:47","guid":{"rendered":"http:\/\/www.vascomedmedical.com\/adcturkiye\/adc\/?page_id=730"},"modified":"2018-04-18T12:59:35","modified_gmt":"2018-04-18T09:59:35","slug":"adc-imalati","status":"publish","type":"page","link":"http:\/\/www.vascomedmedical.com\/adc\/adc-hakkinda\/adc-imalati\/","title":{"rendered":"ADC \u0130malat\u0131"},"content":{"rendered":"<div class=\"fusion-fullwidth fullwidth-box nonhundred-percent-fullwidth non-hundred-percent-height-scrolling\"  style='background-color: #ffffff;background-position: center center;background-repeat: no-repeat;padding-top:0px;padding-right:0px;padding-bottom:0px;padding-left:20px;'><div class=\"fusion-builder-row fusion-row \"><div  class=\"fusion-layout-column fusion_builder_column fusion_builder_column_1_1  fusion-one-full fusion-column-first fusion-column-last 1_1\"  style='margin-top:0px;margin-bottom:20px;'>\n\t\t\t\t\t<div class=\"fusion-column-wrapper\" style=\"padding: 0px 0px 0px 0px;background-position:left top;background-repeat:no-repeat;-webkit-background-size:cover;-moz-background-size:cover;-o-background-size:cover;background-size:cover;\"  data-bg-url=\"\">\n\t\t\t\t\t\t<div class=\"fusion-sep-clear\"><\/div><div class=\"fusion-separator fusion-full-width-sep sep-none\" style=\"margin-left: auto;margin-right: auto;margin-top:10px;\"><\/div><div class=\"fusion-text\"><p><a href=\"http:\/\/www.vascomedmedical.com\/adcturkiye\/adc\/anasayfa\/\">Ana Sayfa<\/a> \/ ADC \/ ADC \u00dcretimi Hakk\u0131nda<\/p>\n<\/div><div class=\"fusion-text\"><h2>Kalite, Ger\u00e7ek Bir Taahh\u00fctle Ba\u015flar<\/h2>\n<p>Bir\u00e7ok \u015firket \u00f6nceden \u00fcretilmi\u015f t\u0131bbi \u00fcr\u00fcnleri ithal etmekteyken, biz daha farkl\u0131 bir yakla\u015f\u0131m ile hareket ediyoruz.\u00a0\u00dcretim s\u00fcrecimiz, bitmi\u015f cihazlar\u0131m\u0131zda kulland\u0131\u011f\u0131m\u0131z bile\u015fenlerin kalitesine odaklanmak i\u00e7in s\u0131f\u0131rdan tasarlanm\u0131\u015ft\u0131r.\u00a0B\u00fcy\u00fck ve k\u00fc\u00e7\u00fck her bile\u015fen, \u00fcst d\u00fczey bir kalite (IQC) denetim s\u00fcrecinden ge\u00e7mektedir.\u00a0\u00dcretti\u011fimiz t\u0131bbi cihazlar i\u00e7in \u00f6zel olarak tasarlanm\u0131\u015f, istatistiksel olarak ge\u00e7erli \u00f6rnekleme planlar\u0131 ve tescilli test ekipmanlar\u0131n\u0131 kullanarak, nihai \u00fcr\u00fcnlerimizde yer alan her bir bile\u015fenin en y\u00fcksek kalitede olmas\u0131n\u0131 sa\u011flamaktay\u0131z.<\/p>\n<\/div><div class=\"fusion-clearfix\"><\/div>\n\n\t\t\t\t\t<\/div>\n\t\t\t\t<\/div><div  class=\"fusion-layout-column fusion_builder_column fusion_builder_column_1_1  fusion-one-full fusion-column-first fusion-column-last 1_1\"  style='margin-top:0px;margin-bottom:20px;'>\n\t\t\t\t\t<div class=\"fusion-column-wrapper\" style=\"padding: 0px 0px 0px 0px;background-position:left top;background-repeat:no-repeat;-webkit-background-size:cover;-moz-background-size:cover;-o-background-size:cover;background-size:cover;\"  data-bg-url=\"\">\n\t\t\t\t\t\t<div class=\"fusion-text\"><h2>K\u00fcresel Ortakl\u0131klar \u0130n\u015fa Etmek<\/h2>\n<p>En kaliteli bile\u015fenleri sa\u011flamak i\u00e7in d\u00fcnyan\u0131n her yerindeki en iyi ISO 9000 \u00fcreticilerinin baz\u0131lar\u0131yla uzun vadeli s\u00f6zle\u015fmeler geli\u015ftiriyoruz.\u00a0Bizim sat\u0131c\u0131 ortaklar\u0131m\u0131z\u0131n \u00e7o\u011fu bize \u00f6zeldir ve y\u0131llard\u0131r olmu\u015ftur, \u00fcr\u00fcnlerimiz ger\u00e7ekten e\u015fsizdir.\u00a0Montaj i\u00e7in ABD&#8217;ye gelen her bir bile\u015fenin en y\u00fcksek standartlar\u0131 kar\u015f\u0131lad\u0131\u011f\u0131n\u0131 garanti etmek i\u00e7in tedarik\u00e7i ortaklar\u0131m\u0131zla yak\u0131n bir \u015fekilde \u00e7al\u0131\u015f\u0131yoruz.<\/p>\n<h2>D\u00fcnyadaki En \u0130yi Par\u00e7alar\u0131 Kullanarak Monte Edildi<\/h2>\n<p>Herhangi bir kurulu\u015f, ABD&#8217;de sat\u0131\u015fa haz\u0131r \u00fcr\u00fcnler ithal edebilir. ADC&#8217;de, bu t\u00fcr ithalatlar\u0131n yeterince iyi oldu\u011fu fikrini reddediyoruz!\u00a0Sadece New York tesisimizde montaj, paketleme ve paketleme tasarlayarak, m\u00fc\u015fterilerimizin beklentilerini kar\u015f\u0131layacak temel bir t\u0131bbi cihaz sa\u011flayabilece\u011fimizden emin olabiliriz.\u00a0Bu nedenle, ADC logosunu g\u00f6r\u00fcnt\u00fcleyen her bir \u00fcr\u00fcn, en az\u0131ndan, talepkar standartlar\u0131m\u0131z\u0131 kar\u015f\u0131lad\u0131\u011f\u0131ndan emin olmak i\u00e7in kapsaml\u0131 s\u00fcre\u00e7 i\u00e7i kalite kontrollerinden ge\u00e7mektedir.\u00a0Sundu\u011fumuz temel tan\u0131lama \u00fcr\u00fcnlerinin \u00e7o\u011fu, \u00fcr\u00fcnlerimizdeki deneyiminizin m\u00fckemmel bir \u015fey olmayaca\u011f\u0131n\u0131 garanti etmek i\u00e7in ABD&#8217;de k\u00fcresel kaynakl\u0131 bile\u015fenlerden tam olarak toplanm\u0131\u015ft\u0131r.<\/p>\n<p>Ayr\u0131ca, t\u00fcm bile\u015fen ta\u015feronlar\u0131m\u0131z, s\u00fcrekli olarak g\u00fcvenilir, y\u00fcksek kaliteli par\u00e7alar \u00fcretmelerini sa\u011flamak i\u00e7in \u00f6zenle se\u00e7ilmekte ve d\u00fczenli olarak denetlenmektedir.\u00a0ADC&#8217;nin Asya&#8217;daki kalite ofisleri, tedarik zincirimizin bitmi\u015f cihazlar\u0131m\u0131zda kullan\u0131lmak \u00fczere sadece en iyi bile\u015fenleri i\u00e7erdi\u011finden emin olmak i\u00e7in d\u00fczenli olarak yerinde denetimler ger\u00e7ekle\u015ftirir.<\/p>\n<h2>Fark\u0131 Ya\u015fay\u0131n<\/h2>\n<p>Sadece s\u00f6z\u00fcm\u00fcz\u00fc almay\u0131n, \u00fcretim s\u00fcre\u00e7lerimizin \u00fcretti\u011fimiz her cihaz\u0131 ger\u00e7ek bir i\u015f\u00e7ilik modeline nas\u0131l d\u00f6n\u00fc\u015ft\u00fcrd\u00fc\u011f\u00fcne bak\u0131n.\u00a0Sonunda, deneyiminizin m\u00fckemmel bir \u015fey olmayaca\u011f\u0131ndan eminiz.<\/p>\n<\/div><div class=\"fusion-clearfix\"><\/div>\n\n\t\t\t\t\t<\/div>\n\t\t\t\t<\/div><div  class=\"fusion-layout-column fusion_builder_column fusion_builder_column_1_3  fusion-one-third fusion-column-first 1_3\"  style='margin-top:0px;margin-bottom:20px;width:33.33%;width:calc(33.33% - ( ( 4% + 4% ) * 0.3333 ) );margin-right: 4%;'>\n\t\t\t\t\t<div class=\"fusion-column-wrapper\" style=\"padding: 0px 0px 0px 0px;background-position:left top;background-repeat:no-repeat;-webkit-background-size:cover;-moz-background-size:cover;-o-background-size:cover;background-size:cover;\"  data-bg-url=\"\">\n\t\t\t\t\t\t<div class=\"fusion-text\"><p><a href=\"http:\/\/www.vascomedmedical.com\/adcturkiye\/adc\/wp-content\/uploads\/2018\/03\/adflow-valve-machine-sm.jpg\"><img loading=\"lazy\" decoding=\"async\" class=\"aligncenter wp-image-731 size-full\" src=\"http:\/\/www.vascomedmedical.com\/adcturkiye\/adc\/wp-content\/uploads\/2018\/03\/adflow-valve-machine-sm.jpg\" alt=\"\" width=\"400\" height=\"367\" srcset=\"http:\/\/www.vascomedmedical.com\/adc\/wp-content\/uploads\/2018\/03\/adflow-valve-machine-sm-200x184.jpg 200w, http:\/\/www.vascomedmedical.com\/adc\/wp-content\/uploads\/2018\/03\/adflow-valve-machine-sm-300x275.jpg 300w, http:\/\/www.vascomedmedical.com\/adc\/wp-content\/uploads\/2018\/03\/adflow-valve-machine-sm.jpg 400w\" sizes=\"(max-width: 400px) 100vw, 400px\" \/><\/a>Adflow\u00a0<sup>\u2122<\/sup>\u00a0\u00fcretim s\u00fcreci: Vanalar\u0131m\u0131z, s\u0131k\u0131 s\u0131z\u0131nt\u0131 testi standartlar\u0131na uygunlu\u011fu sa\u011flamak i\u00e7in hassas bir \u015fekilde i\u015flenmi\u015ftir.<\/p>\n<\/div><div class=\"fusion-clearfix\"><\/div>\n\n\t\t\t\t\t<\/div>\n\t\t\t\t<\/div><div  class=\"fusion-layout-column fusion_builder_column fusion_builder_column_1_3  fusion-one-third 1_3\"  style='margin-top:0px;margin-bottom:20px;width:33.33%;width:calc(33.33% - ( ( 4% + 4% ) * 0.3333 ) );margin-right: 4%;'>\n\t\t\t\t\t<div class=\"fusion-column-wrapper\" style=\"padding: 0px 0px 0px 0px;background-position:left top;background-repeat:no-repeat;-webkit-background-size:cover;-moz-background-size:cover;-o-background-size:cover;background-size:cover;\"  data-bg-url=\"\">\n\t\t\t\t\t\t<div class=\"fusion-text\"><p><a href=\"http:\/\/www.vascomedmedical.com\/adcturkiye\/adc\/wp-content\/uploads\/2018\/03\/gauge-manufacture-sm.jpg\"><img loading=\"lazy\" decoding=\"async\" class=\"aligncenter wp-image-732 size-full\" src=\"http:\/\/www.vascomedmedical.com\/adcturkiye\/adc\/wp-content\/uploads\/2018\/03\/gauge-manufacture-sm.jpg\" alt=\"\" width=\"400\" height=\"317\" srcset=\"http:\/\/www.vascomedmedical.com\/adc\/wp-content\/uploads\/2018\/03\/gauge-manufacture-sm-200x159.jpg 200w, http:\/\/www.vascomedmedical.com\/adc\/wp-content\/uploads\/2018\/03\/gauge-manufacture-sm-300x238.jpg 300w, http:\/\/www.vascomedmedical.com\/adc\/wp-content\/uploads\/2018\/03\/gauge-manufacture-sm.jpg 400w\" sizes=\"(max-width: 400px) 100vw, 400px\" \/><\/a>Diagnostix\u00a0<sup>\u2122<\/sup>\u00a0g\u00f6stergesinin montaj\u0131: Hassas hareketler, \u00c7in&#8217;in Shu Zhou&#8217;daki Nissei \u00fcretim tesisinde elle monte edilir.\u00a0Cep Anekroidlerimizin \u00fcretiminde, hepsi Nissei taraf\u0131ndan yap\u0131lan m\u00fcnhas\u0131r s\u00f6zle\u015fmede yap\u0131lan 50&#8217;den fazla ad\u0131m vard\u0131r.<\/p>\n<\/div><div class=\"fusion-clearfix\"><\/div>\n\n\t\t\t\t\t<\/div>\n\t\t\t\t<\/div><div  class=\"fusion-layout-column fusion_builder_column fusion_builder_column_1_3  fusion-one-third fusion-column-last 1_3\"  style='margin-top:0px;margin-bottom:20px;width:33.33%;width:calc(33.33% - ( ( 4% + 4% ) * 0.3333 ) );'>\n\t\t\t\t\t<div class=\"fusion-column-wrapper\" style=\"padding: 0px 0px 0px 0px;background-position:left top;background-repeat:no-repeat;-webkit-background-size:cover;-moz-background-size:cover;-o-background-size:cover;background-size:cover;\"  data-bg-url=\"\">\n\t\t\t\t\t\t<div class=\"fusion-text\"><p><a href=\"http:\/\/www.vascomedmedical.com\/adcturkiye\/adc\/wp-content\/uploads\/2018\/03\/chestpiece-machine-sm.jpg\"><img loading=\"lazy\" decoding=\"async\" class=\"aligncenter wp-image-733 size-full\" src=\"http:\/\/www.vascomedmedical.com\/adcturkiye\/adc\/wp-content\/uploads\/2018\/03\/chestpiece-machine-sm.jpg\" alt=\"\" width=\"400\" height=\"328\" srcset=\"http:\/\/www.vascomedmedical.com\/adc\/wp-content\/uploads\/2018\/03\/chestpiece-machine-sm-200x164.jpg 200w, http:\/\/www.vascomedmedical.com\/adc\/wp-content\/uploads\/2018\/03\/chestpiece-machine-sm-300x246.jpg 300w, http:\/\/www.vascomedmedical.com\/adc\/wp-content\/uploads\/2018\/03\/chestpiece-machine-sm.jpg 400w\" sizes=\"(max-width: 400px) 100vw, 400px\" \/><\/a>Bir Adscope\u00a0<sup>\u2122<\/sup>\u00a0g\u00f6\u011f\u00fcs\u00a0par\u00e7as\u0131n\u0131n olu\u015fturulmas\u0131\u00a0: Bile\u015fenler kal\u0131ptan d\u00f6k\u00fcl\u00fcr ve daha sonra 20 mikronluk toleranslar\u0131 kar\u015f\u0131lamak i\u00e7in \u00fcretilmi\u015f CNC (bilgisayar say\u0131sal kontrol) makineleri kullan\u0131larak hassas bir \u015fekilde i\u015flenir.<\/p>\n<\/div><div class=\"fusion-clearfix\"><\/div>\n\n\t\t\t\t\t<\/div>\n\t\t\t\t<\/div><\/div><\/div>\n","protected":false},"excerpt":{"rendered":"","protected":false},"author":1,"featured_media":0,"parent":695,"menu_order":2,"comment_status":"closed","ping_status":"closed","template":"","meta":{"footnotes":""},"yoast_head":"<!-- This site is optimized with the Yoast SEO plugin v22.7 - https:\/\/yoast.com\/wordpress\/plugins\/seo\/ -->\n<title>ADC \u0130malat\u0131 - ADC - ADC Today<\/title>\n<meta name=\"robots\" content=\"index, follow, max-snippet:-1, max-image-preview:large, max-video-preview:-1\" \/>\n<link rel=\"canonical\" href=\"http:\/\/www.vascomedmedical.com\/adc\/adc-hakkinda\/adc-imalati\/\" \/>\n<meta property=\"og:locale\" content=\"tr_TR\" \/>\n<meta property=\"og:type\" content=\"article\" \/>\n<meta property=\"og:title\" content=\"ADC \u0130malat\u0131 - ADC - ADC Today\" \/>\n<meta property=\"og:url\" content=\"http:\/\/www.vascomedmedical.com\/adc\/adc-hakkinda\/adc-imalati\/\" \/>\n<meta property=\"og:site_name\" content=\"ADC - ADC Today\" \/>\n<meta property=\"article:modified_time\" content=\"2018-04-18T09:59:35+00:00\" \/>\n<meta property=\"og:image\" content=\"http:\/\/www.vascomedmedical.com\/adcturkiye\/adc\/wp-content\/uploads\/2018\/03\/adflow-valve-machine-sm.jpg\" \/>\n<meta name=\"twitter:card\" content=\"summary_large_image\" \/>\n<meta name=\"twitter:label1\" content=\"Tahmini okuma s\u00fcresi\" \/>\n\t<meta name=\"twitter:data1\" content=\"5 dakika\" \/>\n<script type=\"application\/ld+json\" class=\"yoast-schema-graph\">{\"@context\":\"https:\/\/schema.org\",\"@graph\":[{\"@type\":\"WebPage\",\"@id\":\"http:\/\/www.vascomedmedical.com\/adc\/adc-hakkinda\/adc-imalati\/\",\"url\":\"http:\/\/www.vascomedmedical.com\/adc\/adc-hakkinda\/adc-imalati\/\",\"name\":\"ADC \u0130malat\u0131 - ADC - ADC Today\",\"isPartOf\":{\"@id\":\"http:\/\/www.vascomedmedical.com\/adc\/#website\"},\"primaryImageOfPage\":{\"@id\":\"http:\/\/www.vascomedmedical.com\/adc\/adc-hakkinda\/adc-imalati\/#primaryimage\"},\"image\":{\"@id\":\"http:\/\/www.vascomedmedical.com\/adc\/adc-hakkinda\/adc-imalati\/#primaryimage\"},\"thumbnailUrl\":\"http:\/\/www.vascomedmedical.com\/adcturkiye\/adc\/wp-content\/uploads\/2018\/03\/adflow-valve-machine-sm.jpg\",\"datePublished\":\"2018-03-18T20:09:47+00:00\",\"dateModified\":\"2018-04-18T09:59:35+00:00\",\"breadcrumb\":{\"@id\":\"http:\/\/www.vascomedmedical.com\/adc\/adc-hakkinda\/adc-imalati\/#breadcrumb\"},\"inLanguage\":\"tr\",\"potentialAction\":[{\"@type\":\"ReadAction\",\"target\":[\"http:\/\/www.vascomedmedical.com\/adc\/adc-hakkinda\/adc-imalati\/\"]}]},{\"@type\":\"ImageObject\",\"inLanguage\":\"tr\",\"@id\":\"http:\/\/www.vascomedmedical.com\/adc\/adc-hakkinda\/adc-imalati\/#primaryimage\",\"url\":\"http:\/\/www.vascomedmedical.com\/adcturkiye\/adc\/wp-content\/uploads\/2018\/03\/adflow-valve-machine-sm.jpg\",\"contentUrl\":\"http:\/\/www.vascomedmedical.com\/adcturkiye\/adc\/wp-content\/uploads\/2018\/03\/adflow-valve-machine-sm.jpg\"},{\"@type\":\"BreadcrumbList\",\"@id\":\"http:\/\/www.vascomedmedical.com\/adc\/adc-hakkinda\/adc-imalati\/#breadcrumb\",\"itemListElement\":[{\"@type\":\"ListItem\",\"position\":1,\"name\":\"Ana sayfa\",\"item\":\"http:\/\/www.vascomedmedical.com\/adc\/\"},{\"@type\":\"ListItem\",\"position\":2,\"name\":\"ADC Hakk\u0131nda\",\"item\":\"http:\/\/www.vascomedmedical.com\/adc\/adc-hakkinda\/\"},{\"@type\":\"ListItem\",\"position\":3,\"name\":\"ADC \u0130malat\u0131\"}]},{\"@type\":\"WebSite\",\"@id\":\"http:\/\/www.vascomedmedical.com\/adc\/#website\",\"url\":\"http:\/\/www.vascomedmedical.com\/adc\/\",\"name\":\"ADC - ADC Today\",\"description\":\"\",\"potentialAction\":[{\"@type\":\"SearchAction\",\"target\":{\"@type\":\"EntryPoint\",\"urlTemplate\":\"http:\/\/www.vascomedmedical.com\/adc\/?s={search_term_string}\"},\"query-input\":\"required name=search_term_string\"}],\"inLanguage\":\"tr\"}]}<\/script>\n<!-- \/ Yoast SEO plugin. -->","yoast_head_json":{"title":"ADC \u0130malat\u0131 - ADC - ADC Today","robots":{"index":"index","follow":"follow","max-snippet":"max-snippet:-1","max-image-preview":"max-image-preview:large","max-video-preview":"max-video-preview:-1"},"canonical":"http:\/\/www.vascomedmedical.com\/adc\/adc-hakkinda\/adc-imalati\/","og_locale":"tr_TR","og_type":"article","og_title":"ADC \u0130malat\u0131 - ADC - ADC Today","og_url":"http:\/\/www.vascomedmedical.com\/adc\/adc-hakkinda\/adc-imalati\/","og_site_name":"ADC - ADC Today","article_modified_time":"2018-04-18T09:59:35+00:00","og_image":[{"url":"http:\/\/www.vascomedmedical.com\/adcturkiye\/adc\/wp-content\/uploads\/2018\/03\/adflow-valve-machine-sm.jpg"}],"twitter_card":"summary_large_image","twitter_misc":{"Tahmini okuma s\u00fcresi":"5 dakika"},"schema":{"@context":"https:\/\/schema.org","@graph":[{"@type":"WebPage","@id":"http:\/\/www.vascomedmedical.com\/adc\/adc-hakkinda\/adc-imalati\/","url":"http:\/\/www.vascomedmedical.com\/adc\/adc-hakkinda\/adc-imalati\/","name":"ADC \u0130malat\u0131 - ADC - ADC Today","isPartOf":{"@id":"http:\/\/www.vascomedmedical.com\/adc\/#website"},"primaryImageOfPage":{"@id":"http:\/\/www.vascomedmedical.com\/adc\/adc-hakkinda\/adc-imalati\/#primaryimage"},"image":{"@id":"http:\/\/www.vascomedmedical.com\/adc\/adc-hakkinda\/adc-imalati\/#primaryimage"},"thumbnailUrl":"http:\/\/www.vascomedmedical.com\/adcturkiye\/adc\/wp-content\/uploads\/2018\/03\/adflow-valve-machine-sm.jpg","datePublished":"2018-03-18T20:09:47+00:00","dateModified":"2018-04-18T09:59:35+00:00","breadcrumb":{"@id":"http:\/\/www.vascomedmedical.com\/adc\/adc-hakkinda\/adc-imalati\/#breadcrumb"},"inLanguage":"tr","potentialAction":[{"@type":"ReadAction","target":["http:\/\/www.vascomedmedical.com\/adc\/adc-hakkinda\/adc-imalati\/"]}]},{"@type":"ImageObject","inLanguage":"tr","@id":"http:\/\/www.vascomedmedical.com\/adc\/adc-hakkinda\/adc-imalati\/#primaryimage","url":"http:\/\/www.vascomedmedical.com\/adcturkiye\/adc\/wp-content\/uploads\/2018\/03\/adflow-valve-machine-sm.jpg","contentUrl":"http:\/\/www.vascomedmedical.com\/adcturkiye\/adc\/wp-content\/uploads\/2018\/03\/adflow-valve-machine-sm.jpg"},{"@type":"BreadcrumbList","@id":"http:\/\/www.vascomedmedical.com\/adc\/adc-hakkinda\/adc-imalati\/#breadcrumb","itemListElement":[{"@type":"ListItem","position":1,"name":"Ana sayfa","item":"http:\/\/www.vascomedmedical.com\/adc\/"},{"@type":"ListItem","position":2,"name":"ADC Hakk\u0131nda","item":"http:\/\/www.vascomedmedical.com\/adc\/adc-hakkinda\/"},{"@type":"ListItem","position":3,"name":"ADC \u0130malat\u0131"}]},{"@type":"WebSite","@id":"http:\/\/www.vascomedmedical.com\/adc\/#website","url":"http:\/\/www.vascomedmedical.com\/adc\/","name":"ADC - ADC Today","description":"","potentialAction":[{"@type":"SearchAction","target":{"@type":"EntryPoint","urlTemplate":"http:\/\/www.vascomedmedical.com\/adc\/?s={search_term_string}"},"query-input":"required name=search_term_string"}],"inLanguage":"tr"}]}},"_links":{"self":[{"href":"http:\/\/www.vascomedmedical.com\/adc\/wp-json\/wp\/v2\/pages\/730"}],"collection":[{"href":"http:\/\/www.vascomedmedical.com\/adc\/wp-json\/wp\/v2\/pages"}],"about":[{"href":"http:\/\/www.vascomedmedical.com\/adc\/wp-json\/wp\/v2\/types\/page"}],"author":[{"embeddable":true,"href":"http:\/\/www.vascomedmedical.com\/adc\/wp-json\/wp\/v2\/users\/1"}],"replies":[{"embeddable":true,"href":"http:\/\/www.vascomedmedical.com\/adc\/wp-json\/wp\/v2\/comments?post=730"}],"version-history":[{"count":0,"href":"http:\/\/www.vascomedmedical.com\/adc\/wp-json\/wp\/v2\/pages\/730\/revisions"}],"up":[{"embeddable":true,"href":"http:\/\/www.vascomedmedical.com\/adc\/wp-json\/wp\/v2\/pages\/695"}],"wp:attachment":[{"href":"http:\/\/www.vascomedmedical.com\/adc\/wp-json\/wp\/v2\/media?parent=730"}],"curies":[{"name":"wp","href":"https:\/\/api.w.org\/{rel}","templated":true}]}}